{"id":3,"date":"2022-02-01T15:08:42","date_gmt":"2022-02-01T14:08:42","guid":{"rendered":"http:\/\/ez-live.fr\/?page_id=3"},"modified":"2022-02-16T16:04:22","modified_gmt":"2022-02-16T15:04:22","slug":"politique-de-confidentialite","status":"publish","type":"page","link":"https:\/\/60dproduction.fr\/index.php\/politique-de-confidentialite\/","title":{"rendered":"Mentions l\u00e9gales"},"content":{"rendered":"<div class=\"wpb-content-wrapper\"><p>[vc_row][vc_column][vc_column_text]<\/p>\n<h2 id=\"editeur-du-site-60d-production\" class=\"has-text-color wp-block-heading\" style=\"color: #454545;\">\u00c9DITEUR DU SITE<br \/>60D PRODUCTION<\/h2>\n\n<p>Si\u00e8ge social :<\/p>\n\n<p>24 av de la montagne noire \u00a081100 castres<\/p>\n\n<p>\u00a0(ci dessous nomm\u00e9 \u00ab\u00a0entreprise \u00e9ditrice\u00a0\u00bb)<\/p>\n\n<p>T\u00e9l. 07 86 16 09 10<\/p>\n\n<p>Repr\u00e9sentant L\u00e9gal : Nicolas GANDIA<\/p>\n\n<p>Responsable de publications : Nicolas GANDIA<\/p>\n<br \/>\n<h2 id=\"hebergement-et-realisation-technique\" class=\"has-text-color wp-block-heading\" style=\"color: #454545;\">H\u00c9BERGEMENT ET R\u00c9ALISATION TECHNIQUE<\/h2>\n\n<p>Conform\u00e9ment \u00e0 l\u2019article 43-10 de la loi du 30\/09\/1986 modifi\u00e9e, et \u00e0 la loi n\u00b0 2004-575 du 21 juin 2004 pour la confiance dans l\u2019\u00e9conomie num\u00e9rique, publi\u00e9e au J.O n\u00b0 143 du 22 juin 2004, page 11168, nous vous informons que Ce site est h\u00e9berg\u00e9 \u00e0, en France, par :<\/p>\n\nGANDI.NET\n\n<h2 id=\"conception-graphique-et-developpement\" class=\"has-text-color wp-block-heading\" style=\"color: #454545;\">CONCEPTION GRAPHIQUE ET D\u00c9VELOPPEMENT<\/h2>\n\n<p>60D PRODUCTION<\/p>\n\n<p>24 av de la montagne noire<br \/>81100 CASTRES<br \/>France<\/p>\n\n<p>T\u00e9l : 07 86 16 09 10<\/p>\n<h2 id=\"objet-du-site\" class=\"has-text-color\" style=\"color: #454545;\">OBJET DU SITE<\/h2>\n\n<p>Ce site a \u00e9t\u00e9 cr\u00e9\u00e9 pour vous fournir des informations afin de pr\u00e9senter les projets, les services et les valeurs de l\u2019entreprise. Le Site ne saurait constituer une offre contractuelle.<\/p>\n\n<p>Dans la mesure o\u00f9 la mise \u00e0 jour du pr\u00e9sent Site est r\u00e9alis\u00e9e en tenant compte de l\u2019ensemble des activit\u00e9s, il pourrait arriver que certaines informations nouvelles ou annonces ne soient plus valables au moment de leurs diffusions ou qu\u2019elles soient tout simplement d\u00e9pass\u00e9es. L\u2019entreprise \u00e9ditrice ne peut pas garantir, bien qu\u2019elle fasse les efforts n\u00e9cessaires, la parfaite mise \u00e0 jour de toutes les informations ou nouvelles qui sont diffus\u00e9es sur le pr\u00e9sent Site.<\/p>\n<h2 id=\"propriete-intellectuelle\" class=\"has-text-color\" style=\"color: #454545;\">PROPRI\u00c9T\u00c9 INTELLECTUELLE<\/h2>\n\n<p>Les internautes disposent d\u2019un droit d\u2019usage priv\u00e9, personnel, non collectif et non exclusif, sur le contenu du site. On entend par contenu, les textes, sons, images, vid\u00e9os, animations.<\/p>\n\n<p>Sous r\u00e9serve des exceptions au droit d\u2019auteur pr\u00e9vues par l\u2019article L122-5 du Code de la propri\u00e9t\u00e9 intellectuelle, tout autre usage du contenu est soumis \u00e0 autorisation pr\u00e9alable de l\u2019entreprise \u00e9ditrice, notamment dans le cas o\u00f9 l\u2019utilisateur envisagerait de rediffuser le contenu sur un autre site.<\/p>\n\n<p>La violation de ces dispositions imp\u00e9ratives soumet le contrevenant, et toutes personnes responsables, aux peines p\u00e9nales et civiles pr\u00e9vues par la loi.<\/p>\n\n<p>L\u2019ensemble du contenu de ce Site et chacun de ses \u00e9l\u00e9ments pris s\u00e9par\u00e9ment (tous les noms de produits ou marques mentionn\u00e9s, architecture, textes, photos, images, illustrations\u2026) est la propri\u00e9t\u00e9 exclusive de l\u2019entreprise \u00e9ditrice et rel\u00e8ve de la l\u00e9gislation fran\u00e7aise et internationale sur le droit d\u2019auteur et plus largement de la propri\u00e9t\u00e9 intellectuelle.<\/p>\n\n<p>Nous attirons l\u2019attention des visiteurs sur le fait que des photos, ou des signes particuliers peuvent \u00e9galement constituer des droits de propri\u00e9t\u00e9 intellectuelle.<\/p>\n\n<p>Tous les droits de reproduction, de repr\u00e9sentation et de communication publique sont r\u00e9serv\u00e9s, y compris les repr\u00e9sentations visuelles, photographiques, iconographies ou autres.<\/p>\n\n<p>La reproduction de tout ou partie de ce site sur un support \u00e9lectronique, quel qu\u2019il soit, est formellement interdite sauf autorisation expresse du directeur de la publication.<\/p>\n\n<p>Les marques et logos utilis\u00e9s sur ce Site ont \u00e9t\u00e9 d\u00e9pos\u00e9s, leur reproduction constituerait une contrefa\u00e7on.<\/p>\n\n<p>Tous les droits d\u2019utilisation sont r\u00e9serv\u00e9s. Conform\u00e9ment \u00e0 l\u2019article L.122-4 du code de la propri\u00e9t\u00e9 intellectuelle toute repr\u00e9sentation ou reproduction non express\u00e9ment autoris\u00e9e, int\u00e9grale ou partielle et par quelque proc\u00e9d\u00e9 que ce soit serait illicite et constituerait une contrefa\u00e7on sanctionn\u00e9e par les articles L. 335-2 et suivants du code de la propri\u00e9t\u00e9 intellectuelle.<\/p>\n<br \/>\n<h2 id=\"utilisation-et-transmission-de-vos-loi-informatique-et-libertes\" class=\"has-text-color wp-block-heading\" style=\"color: #454545;\">Utilisation et transmission de vos LOI INFORMATIQUE ET LIBERT\u00c9S<\/h2>\n\n<p>Les donn\u00e9es personnelles recueillies sur le Site ne servent qu\u2019\u00e0 des fins de gestion des demandes et de statistiques interne de l\u2019entreprise \u00e9ditrice.<\/p>\n\n<p>Aucune information personnelle n\u2019est c\u00e9d\u00e9e \u00e0 un tiers.<\/p>\n\n<p>Vous disposez d\u2019un droit d\u2019acc\u00e8s, de modification, de rectification et de suppression des donn\u00e9es qui vous concernent (art. 34 de la loi \u201cInformatique et Libert\u00e9s\u201d). Pour l\u2019exercer, merci de contacter l\u2019entreprise \u00e9ditrice.<\/p>\n\n<p>&nbsp;<\/p>\n<p>[\/vc_column_text][\/vc_column][\/vc_row]<\/p>\n<\/div>","protected":false},"excerpt":{"rendered":"<p>[vc_row][vc_column][vc_column_text] \u00c9DITEUR DU SITE60D PRODUCTION Si\u00e8ge social : 24 av de la montagne noire \u00a081100 castres \u00a0(ci dessous nomm\u00e9 \u00ab\u00a0entreprise&#8230;<\/p>\n","protected":false},"author":1,"featured_media":0,"parent":0,"menu_order":0,"comment_status":"closed","ping_status":"open","template":"","meta":{"footnotes":""},"class_list":["post-3","page","type-page","status-publish"],"yoast_head":"<!-- This site is optimized with the Yoast SEO plugin v18.2 - https:\/\/yoast.com\/wordpress\/plugins\/seo\/ -->\n<title>Mentions l\u00e9gales - 60D Production<\/title>\n<meta name=\"robots\" content=\"index, follow, max-snippet:-1, max-image-preview:large, max-video-preview:-1\" \/>\n<link rel=\"canonical\" href=\"http:\/\/60dproduction.fr\/index.php\/politique-de-confidentialite\/\" \/>\n<meta property=\"og:locale\" content=\"en_US\" \/>\n<meta property=\"og:type\" content=\"article\" \/>\n<meta property=\"og:title\" content=\"Mentions l\u00e9gales - 60D Production\" \/>\n<meta property=\"og:description\" content=\"[vc_row][vc_column][vc_column_text] \u00c9DITEUR DU SITE60D PRODUCTION Si\u00e8ge social : 24 av de la montagne noire \u00a081100 castres \u00a0(ci dessous nomm\u00e9 \u00ab\u00a0entreprise...\" \/>\n<meta property=\"og:url\" content=\"http:\/\/60dproduction.fr\/index.php\/politique-de-confidentialite\/\" \/>\n<meta property=\"og:site_name\" content=\"60D Production\" \/>\n<meta property=\"article:publisher\" content=\"https:\/\/www.facebook.com\/60dProduction\" \/>\n<meta property=\"article:modified_time\" content=\"2022-02-16T15:04:22+00:00\" \/>\n<meta name=\"twitter:card\" content=\"summary_large_image\" \/>\n<meta name=\"twitter:label1\" content=\"Est. reading time\" \/>\n\t<meta name=\"twitter:data1\" content=\"3 minutes\" \/>\n<script type=\"application\/ld+json\" class=\"yoast-schema-graph\">{\"@context\":\"https:\/\/schema.org\",\"@graph\":[{\"@type\":\"Organization\",\"@id\":\"http:\/\/60dproduction.fr\/#organization\",\"name\":\"60D Production\",\"url\":\"http:\/\/60dproduction.fr\/\",\"sameAs\":[\"https:\/\/www.facebook.com\/60dProduction\",\"https:\/\/www.instagram.com\/60d_production\/\",\"https:\/\/www.linkedin.com\/company\/60d-production\/\",\"https:\/\/www.youtube.com\/channel\/UC_5MhemLikse2ShwjFGgVYg\"],\"logo\":{\"@type\":\"ImageObject\",\"@id\":\"http:\/\/60dproduction.fr\/#logo\",\"inLanguage\":\"en-US\",\"url\":\"http:\/\/ez-live.fr\/wp-content\/uploads\/2022\/02\/Logo-60D-2020-rouge.png\",\"contentUrl\":\"http:\/\/ez-live.fr\/wp-content\/uploads\/2022\/02\/Logo-60D-2020-rouge.png\",\"width\":2257,\"height\":2009,\"caption\":\"60D Production\"},\"image\":{\"@id\":\"http:\/\/60dproduction.fr\/#logo\"}},{\"@type\":\"WebSite\",\"@id\":\"http:\/\/60dproduction.fr\/#website\",\"url\":\"http:\/\/60dproduction.fr\/\",\"name\":\"60D Production\",\"description\":\"Agence de r\u00e9alisations audiovisuelles bas\u00e9e \u00e0 Castres\",\"publisher\":{\"@id\":\"http:\/\/60dproduction.fr\/#organization\"},\"potentialAction\":[{\"@type\":\"SearchAction\",\"target\":{\"@type\":\"EntryPoint\",\"urlTemplate\":\"http:\/\/60dproduction.fr\/?s={search_term_string}\"},\"query-input\":\"required name=search_term_string\"}],\"inLanguage\":\"en-US\"},{\"@type\":\"WebPage\",\"@id\":\"http:\/\/60dproduction.fr\/index.php\/politique-de-confidentialite\/#webpage\",\"url\":\"http:\/\/60dproduction.fr\/index.php\/politique-de-confidentialite\/\",\"name\":\"Mentions l\u00e9gales - 60D Production\",\"isPartOf\":{\"@id\":\"http:\/\/60dproduction.fr\/#website\"},\"datePublished\":\"2022-02-01T14:08:42+00:00\",\"dateModified\":\"2022-02-16T15:04:22+00:00\",\"breadcrumb\":{\"@id\":\"http:\/\/60dproduction.fr\/index.php\/politique-de-confidentialite\/#breadcrumb\"},\"inLanguage\":\"en-US\",\"potentialAction\":[{\"@type\":\"ReadAction\",\"target\":[\"http:\/\/60dproduction.fr\/index.php\/politique-de-confidentialite\/\"]}]},{\"@type\":\"BreadcrumbList\",\"@id\":\"http:\/\/60dproduction.fr\/index.php\/politique-de-confidentialite\/#breadcrumb\",\"itemListElement\":[{\"@type\":\"ListItem\",\"position\":1,\"name\":\"Accueil\",\"item\":\"http:\/\/60dproduction.fr\/\"},{\"@type\":\"ListItem\",\"position\":2,\"name\":\"Mentions l\u00e9gales\"}]}]}<\/script>\n<!-- \/ Yoast SEO plugin. -->","yoast_head_json":{"title":"Mentions l\u00e9gales - 60D Production","robots":{"index":"index","follow":"follow","max-snippet":"max-snippet:-1","max-image-preview":"max-image-preview:large","max-video-preview":"max-video-preview:-1"},"canonical":"http:\/\/60dproduction.fr\/index.php\/politique-de-confidentialite\/","og_locale":"en_US","og_type":"article","og_title":"Mentions l\u00e9gales - 60D Production","og_description":"[vc_row][vc_column][vc_column_text] \u00c9DITEUR DU SITE60D PRODUCTION Si\u00e8ge social : 24 av de la montagne noire \u00a081100 castres \u00a0(ci dessous nomm\u00e9 \u00ab\u00a0entreprise...","og_url":"http:\/\/60dproduction.fr\/index.php\/politique-de-confidentialite\/","og_site_name":"60D Production","article_publisher":"https:\/\/www.facebook.com\/60dProduction","article_modified_time":"2022-02-16T15:04:22+00:00","twitter_card":"summary_large_image","twitter_misc":{"Est. reading time":"3 minutes"},"schema":{"@context":"https:\/\/schema.org","@graph":[{"@type":"Organization","@id":"http:\/\/60dproduction.fr\/#organization","name":"60D Production","url":"http:\/\/60dproduction.fr\/","sameAs":["https:\/\/www.facebook.com\/60dProduction","https:\/\/www.instagram.com\/60d_production\/","https:\/\/www.linkedin.com\/company\/60d-production\/","https:\/\/www.youtube.com\/channel\/UC_5MhemLikse2ShwjFGgVYg"],"logo":{"@type":"ImageObject","@id":"http:\/\/60dproduction.fr\/#logo","inLanguage":"en-US","url":"http:\/\/ez-live.fr\/wp-content\/uploads\/2022\/02\/Logo-60D-2020-rouge.png","contentUrl":"http:\/\/ez-live.fr\/wp-content\/uploads\/2022\/02\/Logo-60D-2020-rouge.png","width":2257,"height":2009,"caption":"60D Production"},"image":{"@id":"http:\/\/60dproduction.fr\/#logo"}},{"@type":"WebSite","@id":"http:\/\/60dproduction.fr\/#website","url":"http:\/\/60dproduction.fr\/","name":"60D Production","description":"Agence de r\u00e9alisations audiovisuelles bas\u00e9e \u00e0 Castres","publisher":{"@id":"http:\/\/60dproduction.fr\/#organization"},"potentialAction":[{"@type":"SearchAction","target":{"@type":"EntryPoint","urlTemplate":"http:\/\/60dproduction.fr\/?s={search_term_string}"},"query-input":"required name=search_term_string"}],"inLanguage":"en-US"},{"@type":"WebPage","@id":"http:\/\/60dproduction.fr\/index.php\/politique-de-confidentialite\/#webpage","url":"http:\/\/60dproduction.fr\/index.php\/politique-de-confidentialite\/","name":"Mentions l\u00e9gales - 60D Production","isPartOf":{"@id":"http:\/\/60dproduction.fr\/#website"},"datePublished":"2022-02-01T14:08:42+00:00","dateModified":"2022-02-16T15:04:22+00:00","breadcrumb":{"@id":"http:\/\/60dproduction.fr\/index.php\/politique-de-confidentialite\/#breadcrumb"},"inLanguage":"en-US","potentialAction":[{"@type":"ReadAction","target":["http:\/\/60dproduction.fr\/index.php\/politique-de-confidentialite\/"]}]},{"@type":"BreadcrumbList","@id":"http:\/\/60dproduction.fr\/index.php\/politique-de-confidentialite\/#breadcrumb","itemListElement":[{"@type":"ListItem","position":1,"name":"Accueil","item":"http:\/\/60dproduction.fr\/"},{"@type":"ListItem","position":2,"name":"Mentions l\u00e9gales"}]}]}},"_links":{"self":[{"href":"https:\/\/60dproduction.fr\/index.php\/wp-json\/wp\/v2\/pages\/3","targetHints":{"allow":["GET"]}}],"collection":[{"href":"https:\/\/60dproduction.fr\/index.php\/wp-json\/wp\/v2\/pages"}],"about":[{"href":"https:\/\/60dproduction.fr\/index.php\/wp-json\/wp\/v2\/types\/page"}],"author":[{"embeddable":true,"href":"https:\/\/60dproduction.fr\/index.php\/wp-json\/wp\/v2\/users\/1"}],"replies":[{"embeddable":true,"href":"https:\/\/60dproduction.fr\/index.php\/wp-json\/wp\/v2\/comments?post=3"}],"version-history":[{"count":4,"href":"https:\/\/60dproduction.fr\/index.php\/wp-json\/wp\/v2\/pages\/3\/revisions"}],"predecessor-version":[{"id":32903,"href":"https:\/\/60dproduction.fr\/index.php\/wp-json\/wp\/v2\/pages\/3\/revisions\/32903"}],"wp:attachment":[{"href":"https:\/\/60dproduction.fr\/index.php\/wp-json\/wp\/v2\/media?parent=3"}],"curies":[{"name":"wp","href":"https:\/\/api.w.org\/{rel}","templated":true}]}}